{"id":985,"date":"2020-03-11T11:25:25","date_gmt":"2020-03-11T11:25:25","guid":{"rendered":"https:\/\/nordiik.com\/en\/?page_id=985"},"modified":"2021-03-05T18:06:28","modified_gmt":"2021-03-05T17:06:28","slug":"cookies","status":"publish","type":"page","link":"https:\/\/nordiik.com\/en\/cookies\/","title":{"rendered":"Cookies"},"content":{"rendered":"<div class=\"wpb-content-wrapper\"><p>[vc_row css=\u00bb.vc_custom_1583926378556{margin-top: 50px !important;}\u00bb][vc_column][vc_column_text el_class=\u00bbtext-legal\u00bb]<strong>Sobre Cookies<\/strong><\/p>\n<p>Revisi\u00f3n Cookies: 05\/03\/2021<\/p>\n<p>Este sitio web utiliza cookies para mejorar la experiencia de usuario y garantizar su correcto funcionamiento.<\/p>\n<p>Con el fin de ofrecerle un servicio m\u00e1s personalizado y eficaz, necesitamos registrar y almacenar informaci\u00f3n sobre c\u00f3mo utiliza este sitio. Esto puede hacerse utilizando peque\u00f1os archivos de texto llamados cookies. Las cookies contienen peque\u00f1as cantidades de informaci\u00f3n, y son instaladas en su ordenador o en otro equipo por un servidor web. Una vez descargadas, su navegador env\u00eda estas cookies de nuevo al sitio web en cada visita posterior, de forma que \u00e9ste puede reconocerle y recordar datos como sus preferencias de usuario. Puedes encontrar m\u00e1s informaci\u00f3n sobre las cookies y su funcionamiento en <a href=\"http:\/\/www.aboutcookies.org\/\">http:\/\/www.aboutcookies.org\/<\/a>.<\/p>\n<p>Puede recopilarse informaci\u00f3n cada vez que entre en este sitio web, gracias al uso de las cookies y otras tecnolog\u00edas. Al utilizar este sitio, acepta el uso por nuestra parte de las cookies, tal y como se describe en este texto.<\/p>\n<p>&nbsp;<\/p>\n<p><strong>\u00bfQu\u00e9 cookies utilizamos y por qu\u00e9?<\/strong><\/p>\n<p>Algunas de las cookies que utilizamos son necesarias para permitir la navegaci\u00f3n dentro del sitio web y utilizar sus funciones, como el acceso a \u00e1reas y contenidos seguros para usuarios registrados.<\/p>\n<p>Tambi\u00e9n utilizamos functional cookies o cookies funcionales para registrar informaci\u00f3n sobre las opciones que se selecciona al entrar en nuestro sitio web y con el fin de personalizarlo para los visitantes. Por ejemplo, para recordar el idioma o la regi\u00f3n de procedencia, o para saber si se ha rellenado una encuesta. Esta informaci\u00f3n normalmente se guarda eliminando todos los datos que permitan identificar al usuario, y no se utiliza con ning\u00fan otro fin.<\/p>\n<p>Nosotros, o nuestros proveedores de servicios, utilizamos tambi\u00e9n servicios anal\u00edticos que nos permiten entender hasta qu\u00e9 punto son efectivos nuestros contenidos o qu\u00e9 intereses tienen nuestros usuarios, as\u00ed como mejorar el funcionamiento del sitio web. Adem\u00e1s, utilizamos contadores de visitas (denominados en ingl\u00e9s web beacons) o p\u00edxeles de seguimiento para contar el n\u00famero de visitas, as\u00ed como las llamadas performance cookies o cookies de rendimiento que permiten hacer un seguimiento de cu\u00e1ntos usuarios acceden a nuestro sitio web y con qu\u00e9 frecuencia. Esta informaci\u00f3n se utiliza exclusivamente con fines estad\u00edsticos y no es nuestra intenci\u00f3n utilizarla para identificar personalmente a los usuarios. No obstante, si te has registrado y has iniciado sesi\u00f3n en nuestro sitio, podemos combinar esta informaci\u00f3n con la informaci\u00f3n obtenida por las cookies y los servicios anal\u00edticos de nuestra Web para analizar con mayor detalle c\u00f3mo utiliza el sitio.<\/p>\n<p>Este sitio no utiliza targeting cookies o cookies publicitarias, que son aquellas que permiten enviar publicidad personalizada a los visitantes de los sitios web.<\/p>\n<p><a href=\"https:\/\/nordiik.com\/en\/contacto-nordiik\/\">Contacte con nosotros<\/a> si desea informaci\u00f3n m\u00e1s detallada sobre c\u00f3mo utilizamos las cookies.<\/p>\n<p>&nbsp;<\/p>\n<p><strong>C\u00f3mo controlar las cookies<\/strong><\/p>\n<p>Al utilizar este sitio web, aceptas que podamos instalar cookies en su ordenador o equipo, tal y como se ha explicado anteriormente. No obstante, puede controlar y administrar las cookies de distintas maneras. Tenga en cuenta que el hecho de eliminar o bloquear las cookies tiene un efecto en su experiencia de usuario, y algunas partes del sitio podr\u00edan dejar de ser totalmente accesibles.<\/p>\n<p>&nbsp;<\/p>\n<p><strong>Controles del navegador<\/strong><\/p>\n<p>La mayor\u00eda de los navegadores permiten ver qu\u00e9 cookies hay activas y eliminarlas de forma individual, o bloquear las cookies de un sitio web en particular o de todos los sitios web. Ten en cuenta que cualquier preferencia establecida se perder\u00e1 si se eliminan todas las cookies, incluida la preferencia de eliminar las cookies, ya que esto requiere la instalaci\u00f3n de una cookie de inhabilitaci\u00f3n. Si deseas m\u00e1s informaci\u00f3n sobre c\u00f3mo modificar las opciones de configuraci\u00f3n de su navegador para bloquear o filtrar cookies, consulte <a href=\"http:\/\/www.aboutcookies.org\/\">http:\/\/www.aboutcookies.org\/<\/a> o <a href=\"http:\/\/www.cookiecentral.com\/faq\/\">http:\/\/www.cookiecentral.com\/faq\/<\/a>.<\/p>\n<p>&nbsp;<\/p>\n<p><strong>C\u00f3mo administrar cookies anal\u00edticas<\/strong><\/p>\n<p>Se puede optar por no dejar que las cookies anal\u00edticas registren las b\u00fasquedas an\u00f3nimas al navegar por Internet. Nosotros utilizamos los siguientes proveedores de servicios. Si desea m\u00e1s informaci\u00f3n sobre sus pol\u00edticas de privacidad y sobre c\u00f3mo eliminar sus cookies puedes visitar su p\u00e1gina web:<\/p>\n<p>Adobe: <a href=\"http:\/\/www.adobe.com\/privacy\/opt-out.html\">http:\/\/www.adobe.com\/privacy\/opt-out.html<\/a><\/p>\n<p>Google Analytics: <a href=\"http:\/\/www.google.com\/analytics\/learn\/privacy.html\">http:\/\/www.google.com\/analytics\/learn\/privacy.html<\/a><\/p>\n<p>&nbsp;<\/p>\n<p><strong>C\u00f3mo administrar objetos locales compartidos o cookies flash<\/strong><\/p>\n<p>Los objetos locales compartidos o las cookies flash son bastante similares a las otras cookies de navegador, salvo que pueden almacenar otros tipos de informaci\u00f3n. Estas cookies no pueden ser controladas con los mecanismos arriba explicados. Algunas partes de nuestro sitio web utilizan estos tipos de cookies para almacenar preferencias de usuario sobre funciones de reproductores multimedia, y sin ellas, algunos contenidos de v\u00eddeo no pueden verse correctamente. Estas cookies pueden controlarse manualmente visitando Adobe website.<\/p>\n<p><a href=\"http:\/\/www.macromedia.com\/support\/documentation\/en\/flashplayer\/help\/settings_manager07.html\">http:\/\/www.macromedia.com\/support\/documentation\/en\/flashplayer\/help\/settings_manager07.html<\/a><\/p>\n<p>&nbsp;<\/p>\n<p><strong>Botones sociales<\/strong><\/p>\n<p>Utilizamos botones sociales para que nuestros usuarios puedan compartir p\u00e1ginas web o seleccionarlas como favoritas. Se trata de botones para sitios web de medios sociales externos. Estos sitios pueden registrar informaci\u00f3n sobre tus actividades en Internet, incluyendo nuestra web. Puedes revisar las condiciones de uso y las pol\u00edticas de privacidad de estos sitios web para saber exactamente c\u00f3mo utilizan la informaci\u00f3n y para averiguar c\u00f3mo puede eliminarse dicha informaci\u00f3n.<\/p>\n<p>&nbsp;<\/p>\n<p><strong>Servicios web externos<\/strong><\/p>\n<p>En ocasiones utilizamos servicios web externos para mostrar contenidos dentro de nuestras p\u00e1ginas web. Por ejemplo, para mostrar im\u00e1genes o v\u00eddeos, o para realizar encuestas. Al igual que los botones sociales, no podemos evitar que estos sitios, o dominios externos, recopilen informaci\u00f3n sobre el uso que se hace de estos contenidos incrustados.<\/p>\n<p>&nbsp;<\/p>\n<p><strong>Comunicaciones a trav\u00e9s del correo electr\u00f3nico<\/strong><\/p>\n<p>Tambi\u00e9n podemos emplear tecnolog\u00edas de seguimiento para determinar si se han le\u00eddo ciertos mensajes de correo electr\u00f3nico que hemos enviado, si se ha hecho clic en los mismos, o si se han reenviado, gracias a las cuales podemos hacer que nuestras comunicaciones sean m\u00e1s \u00fatiles e interesantes. Si no desea que confirmemos que ha abierto nuestros mensajes, ha hecho clic en los mismos o los ha reenviado, es necesario darse de baja, ya que nosotros no podemos enviar estos e-mails con la funci\u00f3n de seguimiento desactivada. Los usuarios registrados pueden actualizar sus preferencias de comunicaci\u00f3n en cualquier momento poni\u00e9ndose en <a href=\"https:\/\/nordiik.com\/en\/contacto-nordiik\/\">contacto con nosotros<\/a>, o pueden darse de baja siguiendo las instrucciones incluidas en nuestras comunicaciones por correo electr\u00f3nico.<\/p>\n<p>Se podr\u00e1n realizar modificaciones de la presente Informaci\u00f3n sobre Cookies de manera unilateral cuando sea requerido. En caso de que se lleven a cabo, se actualizar\u00e1 la fecha de \u00faltima revisi\u00f3n tal y como se se\u00f1ala en la parte superior de este apartado en la p\u00e1gina web. Dichas modificaciones se har\u00e1n efectivas a partir de la \u00faltima fecha de revisi\u00f3n. Invitamos a revisar peri\u00f3dicamente el Uso de Cookies con la finalidad de mantenerse informado sobre la manera en la que las utilizamos.[\/vc_column_text][\/vc_column][\/vc_row]<\/p>\n<\/div>","protected":false},"excerpt":{"rendered":"<p>[vc_row css=\u00bb.vc_custom_1583926378556{margin-top: 50px !important;}\u00bb][vc_column][vc_column_text el_class=\u00bbtext-legal\u00bb]Sobre Cookies Revisi\u00f3n Cookies: 05\/03\/2021 Este sitio web utiliza cookies para mejorar la experiencia de usuario<span class=\"excerpt-hellip\"> [\u2026]<\/span><\/p>\n","protected":false},"author":1,"featured_media":0,"parent":0,"menu_order":0,"comment_status":"closed","ping_status":"closed","template":"","meta":{"footnotes":""},"class_list":["post-985","page","type-page","status-publish","hentry"],"yoast_head":"<!-- This site is optimized with the Yoast SEO plugin v26.2 - https:\/\/yoast.com\/wordpress\/plugins\/seo\/ -->\n<title>Cookies - Nordiik<\/title>\n<meta name=\"robots\" content=\"noindex, nofollow\" \/>\n<meta property=\"og:locale\" content=\"es_ES\" \/>\n<meta property=\"og:type\" content=\"article\" \/>\n<meta property=\"og:title\" content=\"Cookies - Nordiik\" \/>\n<meta property=\"og:description\" content=\"[vc_row css=\u00bb.vc_custom_1583926378556{margin-top: 50px !important;}\u00bb][vc_column][vc_column_text el_class=\u00bbtext-legal\u00bb]Sobre Cookies Revisi\u00f3n Cookies: 05\/03\/2021 Este sitio web utiliza cookies para mejorar la experiencia de usuario [\u2026]\" \/>\n<meta property=\"og:url\" content=\"https:\/\/nordiik.com\/en\/cookies\/\" \/>\n<meta property=\"og:site_name\" content=\"Nordiik\" \/>\n<meta property=\"article:modified_time\" content=\"2021-03-05T17:06:28+00:00\" \/>\n<meta name=\"twitter:card\" content=\"summary_large_image\" \/>\n<meta name=\"twitter:label1\" content=\"Tiempo de lectura\" \/>\n\t<meta name=\"twitter:data1\" content=\"6 minutos\" \/>\n<script type=\"application\/ld+json\" class=\"yoast-schema-graph\">{\"@context\":\"https:\/\/schema.org\",\"@graph\":[{\"@type\":\"WebPage\",\"@id\":\"https:\/\/nordiik.com\/en\/cookies\/\",\"url\":\"https:\/\/nordiik.com\/en\/cookies\/\",\"name\":\"Cookies - Nordiik\",\"isPartOf\":{\"@id\":\"https:\/\/nordiik.com\/en\/#website\"},\"datePublished\":\"2020-03-11T11:25:25+00:00\",\"dateModified\":\"2021-03-05T17:06:28+00:00\",\"breadcrumb\":{\"@id\":\"https:\/\/nordiik.com\/en\/cookies\/#breadcrumb\"},\"inLanguage\":\"es\",\"potentialAction\":[{\"@type\":\"ReadAction\",\"target\":[\"https:\/\/nordiik.com\/en\/cookies\/\"]}]},{\"@type\":\"BreadcrumbList\",\"@id\":\"https:\/\/nordiik.com\/en\/cookies\/#breadcrumb\",\"itemListElement\":[{\"@type\":\"ListItem\",\"position\":1,\"name\":\"Portada\",\"item\":\"https:\/\/nordiik.com\/en\/\"},{\"@type\":\"ListItem\",\"position\":2,\"name\":\"Cookies\"}]},{\"@type\":\"WebSite\",\"@id\":\"https:\/\/nordiik.com\/en\/#website\",\"url\":\"https:\/\/nordiik.com\/en\/\",\"name\":\"Nordiik\",\"description\":\"Regulatory &amp; Compliance Services\",\"publisher\":{\"@id\":\"https:\/\/nordiik.com\/en\/#organization\"},\"potentialAction\":[{\"@type\":\"SearchAction\",\"target\":{\"@type\":\"EntryPoint\",\"urlTemplate\":\"https:\/\/nordiik.com\/en\/?s={search_term_string}\"},\"query-input\":{\"@type\":\"PropertyValueSpecification\",\"valueRequired\":true,\"valueName\":\"search_term_string\"}}],\"inLanguage\":\"es\"},{\"@type\":\"Organization\",\"@id\":\"https:\/\/nordiik.com\/en\/#organization\",\"name\":\"Nordiik. Consultor\u00eda Qu\u00edmica.\",\"url\":\"https:\/\/nordiik.com\/en\/\",\"logo\":{\"@type\":\"ImageObject\",\"inLanguage\":\"es\",\"@id\":\"https:\/\/nordiik.com\/en\/#\/schema\/logo\/image\/\",\"url\":\"https:\/\/nordiik.com\/en\/wp-content\/uploads\/2020\/02\/nordiik-logo-header.png\",\"contentUrl\":\"https:\/\/nordiik.com\/en\/wp-content\/uploads\/2020\/02\/nordiik-logo-header.png\",\"width\":150,\"height\":60,\"caption\":\"Nordiik. Consultor\u00eda Qu\u00edmica.\"},\"image\":{\"@id\":\"https:\/\/nordiik.com\/en\/#\/schema\/logo\/image\/\"}}]}<\/script>\n<!-- \/ Yoast SEO plugin. -->","yoast_head_json":{"title":"Cookies - Nordiik","robots":{"index":"noindex","follow":"nofollow"},"og_locale":"es_ES","og_type":"article","og_title":"Cookies - Nordiik","og_description":"[vc_row css=\u00bb.vc_custom_1583926378556{margin-top: 50px !important;}\u00bb][vc_column][vc_column_text el_class=\u00bbtext-legal\u00bb]Sobre Cookies Revisi\u00f3n Cookies: 05\/03\/2021 Este sitio web utiliza cookies para mejorar la experiencia de usuario [\u2026]","og_url":"https:\/\/nordiik.com\/en\/cookies\/","og_site_name":"Nordiik","article_modified_time":"2021-03-05T17:06:28+00:00","twitter_card":"summary_large_image","twitter_misc":{"Tiempo de lectura":"6 minutos"},"schema":{"@context":"https:\/\/schema.org","@graph":[{"@type":"WebPage","@id":"https:\/\/nordiik.com\/en\/cookies\/","url":"https:\/\/nordiik.com\/en\/cookies\/","name":"Cookies - Nordiik","isPartOf":{"@id":"https:\/\/nordiik.com\/en\/#website"},"datePublished":"2020-03-11T11:25:25+00:00","dateModified":"2021-03-05T17:06:28+00:00","breadcrumb":{"@id":"https:\/\/nordiik.com\/en\/cookies\/#breadcrumb"},"inLanguage":"es","potentialAction":[{"@type":"ReadAction","target":["https:\/\/nordiik.com\/en\/cookies\/"]}]},{"@type":"BreadcrumbList","@id":"https:\/\/nordiik.com\/en\/cookies\/#breadcrumb","itemListElement":[{"@type":"ListItem","position":1,"name":"Portada","item":"https:\/\/nordiik.com\/en\/"},{"@type":"ListItem","position":2,"name":"Cookies"}]},{"@type":"WebSite","@id":"https:\/\/nordiik.com\/en\/#website","url":"https:\/\/nordiik.com\/en\/","name":"Nordiik","description":"Regulatory &amp; Compliance Services","publisher":{"@id":"https:\/\/nordiik.com\/en\/#organization"},"potentialAction":[{"@type":"SearchAction","target":{"@type":"EntryPoint","urlTemplate":"https:\/\/nordiik.com\/en\/?s={search_term_string}"},"query-input":{"@type":"PropertyValueSpecification","valueRequired":true,"valueName":"search_term_string"}}],"inLanguage":"es"},{"@type":"Organization","@id":"https:\/\/nordiik.com\/en\/#organization","name":"Nordiik. Consultor\u00eda Qu\u00edmica.","url":"https:\/\/nordiik.com\/en\/","logo":{"@type":"ImageObject","inLanguage":"es","@id":"https:\/\/nordiik.com\/en\/#\/schema\/logo\/image\/","url":"https:\/\/nordiik.com\/en\/wp-content\/uploads\/2020\/02\/nordiik-logo-header.png","contentUrl":"https:\/\/nordiik.com\/en\/wp-content\/uploads\/2020\/02\/nordiik-logo-header.png","width":150,"height":60,"caption":"Nordiik. Consultor\u00eda Qu\u00edmica."},"image":{"@id":"https:\/\/nordiik.com\/en\/#\/schema\/logo\/image\/"}}]}},"_links":{"self":[{"href":"https:\/\/nordiik.com\/en\/wp-json\/wp\/v2\/pages\/985","targetHints":{"allow":["GET"]}}],"collection":[{"href":"https:\/\/nordiik.com\/en\/wp-json\/wp\/v2\/pages"}],"about":[{"href":"https:\/\/nordiik.com\/en\/wp-json\/wp\/v2\/types\/page"}],"author":[{"embeddable":true,"href":"https:\/\/nordiik.com\/en\/wp-json\/wp\/v2\/users\/1"}],"replies":[{"embeddable":true,"href":"https:\/\/nordiik.com\/en\/wp-json\/wp\/v2\/comments?post=985"}],"version-history":[{"count":13,"href":"https:\/\/nordiik.com\/en\/wp-json\/wp\/v2\/pages\/985\/revisions"}],"predecessor-version":[{"id":2621,"href":"https:\/\/nordiik.com\/en\/wp-json\/wp\/v2\/pages\/985\/revisions\/2621"}],"wp:attachment":[{"href":"https:\/\/nordiik.com\/en\/wp-json\/wp\/v2\/media?parent=985"}],"curies":[{"name":"wp","href":"https:\/\/api.w.org\/{rel}","templated":true}]}}