{"id":2759,"date":"2022-09-27T12:25:28","date_gmt":"2022-09-27T11:25:28","guid":{"rendered":"https:\/\/nordiik.com\/ca\/?page_id=2759"},"modified":"2022-09-27T12:26:31","modified_gmt":"2022-09-27T11:26:31","slug":"regulacio-de-productes-biocides-gb","status":"publish","type":"page","link":"https:\/\/nordiik.com\/ca\/serveis-de-consultoria-quimica\/regulacio-de-productes-biocides-gb\/","title":{"rendered":"Serveis de GB Biocidal Products Regulation (BPR a Gran Bretanya)"},"content":{"rendered":"<p>[vc_row full_width=\u00bbstretch_row_content_no_spaces\u00bb equal_height=\u00bbyes\u00bb css=\u00bb.vc_custom_1664273131962{background-image: url(https:\/\/nordiik.com\/wp-content\/uploads\/2022\/09\/malham-cove-gd9ce53585_1920.jpg?id=3006) !important;background-position: center !important;background-repeat: no-repeat !important;background-size: cover !important;}\u00bb][vc_column el_class=\u00bbfondo-degradado-azul\u00bb][vc_row_inner][vc_column_inner width=\u00bb1\/2&#8243;][vc_custom_heading text=\u00bbServeis de <i><strong>GB Biocidal Products Regulation<\/i><\/strong> (BPR a Gran Bretanya)\u00bb font_container=\u00bbtag:h1|text_align:left|color:%23ffffff\u00bb use_theme_fonts=\u00bbyes\u00bb el_class=\u00bbcab-padd-nordi\u00bb][\/vc_column_inner][vc_column_inner width=\u00bb1\/2&#8243;][\/vc_column_inner][\/vc_row_inner][\/vc_column][\/vc_row][vc_row el_class=\u00bbmargen-sup-60&#8243;][vc_column width=\u00bb1\/2&#8243;][vc_column_text]Despr\u00e9s del <strong>Brexit<\/strong>, Gran Bretanya (GB) ja no forma part de l\u2019esquema de la UE i per a <strong>regular els biocides<\/strong> han establert la seva pr\u00f2pia reglamentaci\u00f3. El <strong>Reglament de productes biocides de GB<\/strong> (GB BPR) va entrar en vigor el 31 de desembre de 2020 i funciona com el <strong>Reglament de productes biocides de la UE<\/strong> (EU BPR).<\/p>\n<p>Per tant, els productes biocides actualment es troben regulats a Gran Bretanya (<strong>Anglaterra, Esc\u00f2cia i Gal\u00b7les<\/strong>) sota el <strong>Reglament de Productes Biocides GB<\/strong> (GB BPR). Tanmateix, a <strong>Irlanda del Nord<\/strong> els productes biocides encara es troben regulats pel <strong>Reglament de Productes Biocides de la UE<\/strong> (EU BPR)<\/p>\n<h4 class=\"p1\"><span style=\"color: #0299cb;\">Aquestes regulacions asseguren que quan els <strong>productes biocides<\/strong> s\u2019utilitzen correctament, <strong>no perjudiquen a les persones<\/strong>, els <strong>animals<\/strong> o el <strong>medi ambient<\/strong> en general.<\/span><\/h4>\n<p>[\/vc_column_text][\/vc_column][vc_column width=\u00bb1\/2&#8243; css=\u00bb.vc_custom_1663934870773{margin-top: 45px !important;margin-bottom: 30px !important;padding-top: 30px !important;padding-right: 30px !important;padding-left: 30px !important;background-color: #efefef !important;}\u00bb][vc_custom_heading text=\u00bb<strong>Autoritzaci\u00f3 de Biocides al Regne Unit<\/strong> (GB BPR)\u00bb font_container=\u00bbtag:h2|font_size:25|text_align:left|color:%230299cb\u00bb use_theme_fonts=\u00bbyes\u00bb][vc_column_text]L&#8217;autoritzaci\u00f3 de <strong>productes biocides<\/strong> d&#8217;acord amb el <strong><em>GB <\/em><em>Biocidal Products Regulation<\/em><\/strong> del Regne Unit comparteix molts dels requisits que estableix el Reglament de <strong>Productes Biocides de la UE<\/strong> (BPR), com ara l&#8217;<strong>avaluaci\u00f3 toxicol\u00f2gica<\/strong> dels nostres productes o fam\u00edlia de productes biocides, la <strong>preparaci\u00f3 del PAR<\/strong> (<em>Product Assessment Report<\/em>) i l&#8217;<strong>arxiu IUCLID<\/strong> aix\u00ed com la demostraci\u00f3 de les propietats d&#8217;efic\u00e0cia i fisicoqu\u00edmiques oportunes, per tal d&#8217; assegurar que el producte \u00e9s <strong>efica\u00e7 contra els organismes diana<\/strong> necessaris i addicionals i, al seu torn, que t\u00e9 una certa estabilitat amb el pas del temps i \u00e9s segur per al seu \u00fas.[\/vc_column_text][\/vc_column][\/vc_row][vc_row][vc_column][vc_column_text]Alguns tipus de <strong>productes biocides<\/strong> tenen a m\u00e9s a m\u00e9s altres legislacions m\u00e9s espec\u00edfiques aplicables al Regne Unit. Per exemple, <strong>pesticides<\/strong>, <strong>medicaments<\/strong> humans, <strong>dispositius m\u00e8dics<\/strong>, medicaments veterinaris i <strong>cosm\u00e8tics<\/strong>.<\/p>\n<p>Com a la UE, un producte biocida ha d&#8217;estar <strong>autoritzat abans que es pugui comercialitzar<\/strong>. Abans que es pugui autoritzar el producte, la subst\u00e0ncia o subst\u00e0ncies actives que cont\u00e9 o genera <strong>han d&#8217;estar aprovades per al seu \u00fas<\/strong> en aquest tipus de producte.[\/vc_column_text][\/vc_column][\/vc_row][vc_row css=\u00bb.vc_custom_1664270960055{margin-top: 30px !important;}\u00bb][vc_column][vc_column_text]<\/p>\n<h5><span style=\"color: #0299cb;\">Els nostres <strong>experts en regulaci\u00f3 i toxicitat<\/strong> poden avaluar els seus <strong>productes biocides<\/strong> i determinar les seves obligacions actuals i futures sota <strong>GB BPR<\/strong>. Nordiik ofereix als seus clients un ampli <strong>suport t\u00e8cnic i regulatori<\/strong> durant totes les etapes en aquest tipus de projectes:<\/span><\/h5>\n<p>[\/vc_column_text][vc_row_inner css=\u00bb.vc_custom_1664267272928{padding-top: 30px !important;padding-right: 30px !important;padding-bottom: 30px !important;padding-left: 30px !important;background-color: #0299cb !important;}\u00bb][vc_column_inner width=\u00bb1\/2&#8243;][vc_column_text]<\/p>\n<ul>\n<li>Determinar els <strong>requisits de compliment<\/strong> en virtut del <strong>BPR<\/strong>, inclosos els requisits de dades per a les subst\u00e0ncies actives.<\/li>\n<li>Realitzar el <strong>Data Gap Analysis<\/strong> i les avaluacions preliminars de riscos (incloses les estimacions de costos per completar el paquet de dades).<\/li>\n<li>Identificar dels <strong>requisits d&#8217;autoritzaci\u00f3<\/strong> del BPR.<\/li>\n<li>Esbossar els requisits per a la inclusi\u00f3 en les <strong>Llistes de l&#8217;article 95<\/strong>.<\/li>\n<li>Donar suport a la classificaci\u00f3 i l&#8217;etiquetatge de conformitat amb el reglament de <strong>Classificaci\u00f3, Etiquetatge i Envasament<\/strong> (CLP).<\/li>\n<\/ul>\n<p>[\/vc_column_text][\/vc_column_inner][vc_column_inner width=\u00bb1\/2&#8243;][vc_column_text]<\/p>\n<ul>\n<li><strong>Preparar de sol\u00b7licituds d&#8217;autoritzaci\u00f3<\/strong> d&#8217;acord amb <strong>GB BPR<\/strong>, que inclou: Preparar expedients (format IUCLID), elaborar avaluacions de riscos de toxicologia, avaluacions de riscos diet\u00e8tics, preparar avaluacions de disrupci\u00f3 endocrina i presentacions (R4BP 3) segons BPR.<\/li>\n<li>Registre o notificaci\u00f3 de <strong>productes biocides<\/strong> segons <strong>lleis nacionals<\/strong> transit\u00f2ries, aplicables abans de l&#8217;aprovaci\u00f3 de la subst\u00e0ncia activa.<\/li>\n<li>Determinar <strong>propietats fisicoqu\u00edmiques<\/strong>, efic\u00e0cia i toxicologia.<\/li>\n<\/ul>\n<p>[\/vc_column_text][\/vc_column_inner][\/vc_row_inner][\/vc_column][\/vc_row][vc_row full_width=\u00bbstretch_row_content_no_spaces\u00bb equal_height=\u00bbyes\u00bb content_placement=\u00bbtop\u00bb css=\u00bb.vc_custom_1585127156454{margin-top: 100px !important;margin-bottom: 0px !important;padding-top: 0px !important;padding-right: 0px !important;padding-bottom: 0px !important;padding-left: 0px !important;background-position: 0 0 !important;background-repeat: no-repeat !important;}\u00bb][vc_column width=\u00bb1\/3&#8243; css=\u00bb.vc_custom_1664273176859{margin-top: 5px !important;background-image: url(https:\/\/nordiik.com\/ca\/wp-content\/uploads\/2022\/09\/antiseptics-ga95908998_1920.jpg?id=2761) !important;background-position: center !important;background-repeat: no-repeat !important;background-size: cover !important;}\u00bb offset=\u00bbvc_col-xs-12 vc_hidden-xs\u00bb][\/vc_column][vc_column width=\u00bb1\/3&#8243; css=\u00bb.vc_custom_1588749770675{margin-top: 0px !important;margin-right: 0px !important;margin-bottom: 0px !important;margin-left: 0px !important;padding-top: 100px !important;padding-right: 40px !important;padding-bottom: 50px !important;padding-left: 40px !important;background: #0299cb url(https:\/\/nordiik.com\/wp-content\/uploads\/2020\/03\/nordiik-bk-home-blue.jpg?id=1184) !important;background-position: 0 0 !important;background-repeat: no-repeat !important;}\u00bb el_class=\u00bbpartner-medio\u00bb offset=\u00bbvc_col-xs-12&#8243;][vc_custom_heading text=\u00bbNordiik: el seu partner de confian\u00e7a en biocides\u00bb font_container=\u00bbtag:h2|text_align:left|color:%23ffffff\u00bb use_theme_fonts=\u00bbyes\u00bb el_class=\u00bbbold\u00bb css=\u00bb.vc_custom_1664273224797{margin-top: 0px !important;padding-bottom: 30px !important;}\u00bb][vc_column_text css=\u00bb.vc_custom_1664273704017{margin-top: 20px !important;}\u00bb el_class=\u00bbvisto\u00bb]<\/p>\n<ul>\n<li><span style=\"color: #ffffff;\">\u00a0 \u00a0Coneixem de primera m\u00e0 la complexitat que presenta el Reglament (UE) 528\/2012 (BPR) relatiu a l&#8217;\u00fas i la comercialitzaci\u00f3 de biocides, i la gran diversitat de procediments de car\u00e0cter nacional que ho antecedeixen.<\/span><\/li>\n<\/ul>\n<p>&nbsp;<\/p>\n<ul>\n<li><span style=\"color: #ffffff;\">\u00a0 \u00a0El nostre coneixement sobre ells permet als nostres clients introduir els seus productes biocides al mercat europeu amb la seguretat que proporciona el compliment dels reglaments aplicables davant les autoritats competents.<\/span><\/li>\n<\/ul>\n<p>[\/vc_column_text][\/vc_column][vc_column width=\u00bb1\/3&#8243; css=\u00bb.vc_custom_1588749778281{margin-top: 0px !important;margin-bottom: 0px !important;padding-top: 100px !important;padding-right: 50px !important;padding-bottom: 0px !important;padding-left: 50px !important;}\u00bb offset=\u00bbvc_col-xs-12&#8243;][vc_custom_heading text=\u00bbCom podem ajudar-lo?\u00bb font_container=\u00bbtag:h3|text_align:left\u00bb use_theme_fonts=\u00bbyes\u00bb css=\u00bb.vc_custom_1664273241890{margin-top: 0px !important;margin-bottom: 0px !important;}\u00bb][vc_column_text]Contacti amb nosaltres si necessita que l&#8217;ajudem a <strong>legalitzar els seus productes biocides<\/strong> a Gran Bretanya d&#8217;acord amb <strong>GB\u00a0BPR<\/strong>.[\/vc_column_text][vc_column_text el_class=\u00bbfomulario-lateral\u00bb css=\u00bb.vc_custom_1584441417613{margin-bottom: 0px !important;padding-right: 40px !important;padding-bottom: 0px !important;}\u00bb]\n<div class=\"wpcf7 no-js\" id=\"wpcf7-f198-o1\" lang=\"es-ES\" dir=\"ltr\" data-wpcf7-id=\"198\">\n<div class=\"screen-reader-response\"><p role=\"status\" aria-live=\"polite\" aria-atomic=\"true\"><\/p> <ul><\/ul><\/div>\n<form action=\"\/ca\/wp-json\/wp\/v2\/pages\/2759#wpcf7-f198-o1\" method=\"post\" class=\"wpcf7-form init\" aria-label=\"Formulario de contacto\" novalidate=\"novalidate\" data-status=\"init\">\n<fieldset class=\"hidden-fields-container\"><input type=\"hidden\" name=\"_wpcf7\" value=\"198\" \/><input type=\"hidden\" name=\"_wpcf7_version\" value=\"6.1.3\" \/><input type=\"hidden\" name=\"_wpcf7_locale\" value=\"es_ES\" \/><input type=\"hidden\" name=\"_wpcf7_unit_tag\" value=\"wpcf7-f198-o1\" \/><input type=\"hidden\" name=\"_wpcf7_container_post\" value=\"0\" \/><input type=\"hidden\" name=\"_wpcf7_posted_data_hash\" value=\"\" \/>\n<\/fieldset>\n<p class=\"capsalateral\"><br \/>\nNom *<br \/>\n<span class=\"wpcf7-form-control-wrap\" data-name=\"your-name\"><input size=\"40\" maxlength=\"400\" class=\"wpcf7-form-control wpcf7-text wpcf7-validates-as-required formulario-mod\" aria-required=\"true\" aria-invalid=\"false\" value=\"\" type=\"text\" name=\"your-name\" \/><\/span>\n<\/p>\n<p class=\"capsalateral\"><br \/>\nCognoms *<br \/>\n<span class=\"wpcf7-form-control-wrap\" data-name=\"your-apellido\"><input size=\"40\" maxlength=\"400\" class=\"wpcf7-form-control wpcf7-text wpcf7-validates-as-required formulario-mod\" aria-required=\"true\" aria-invalid=\"false\" value=\"\" type=\"text\" name=\"your-apellido\" \/><\/span>\n<\/p>\n<p class=\"capsalateral\"><br \/>\nE-mail *<br \/>\n<span class=\"wpcf7-form-control-wrap\" data-name=\"your-email\"><input size=\"40\" maxlength=\"400\" class=\"wpcf7-form-control wpcf7-email wpcf7-validates-as-required wpcf7-text wpcf7-validates-as-email formulario-mod\" aria-required=\"true\" aria-invalid=\"false\" value=\"\" type=\"email\" name=\"your-email\" \/><\/span>\n<\/p>\n<p class=\"capsalateral\"><br \/>\nTel\u00e8fon<br \/>\n<span class=\"wpcf7-form-control-wrap\" data-name=\"tel-576\"><input size=\"40\" maxlength=\"400\" class=\"wpcf7-form-control wpcf7-tel wpcf7-text wpcf7-validates-as-tel formulario-mod\" aria-invalid=\"false\" value=\"\" type=\"tel\" name=\"tel-576\" \/><\/span>\n<\/p>\n<p class=\"text-14\"><br \/>\nComentaris<br \/>\n<span class=\"wpcf7-form-control-wrap\" data-name=\"textarea-comentarios\"><textarea cols=\"40\" rows=\"3\" maxlength=\"2000\" class=\"wpcf7-form-control wpcf7-textarea formulario-mod\" aria-invalid=\"false\" name=\"textarea-comentarios\"><\/textarea><\/span>\n<\/p>\n<p class=\"text-14\"><br \/>\n<span class=\"wpcf7-form-control-wrap\" data-name=\"acceptance-18\"><span class=\"wpcf7-form-control wpcf7-acceptance\"><span class=\"wpcf7-list-item\"><input type=\"checkbox\" name=\"acceptance-18\" value=\"1\" class=\"formulario-mod\" aria-invalid=\"false\" \/><\/span><\/span><\/span> Ha d'acceptar la <a href=\"https:\/\/nordiik.com\/politica-de-privacidad\/\">politica de privacitat<\/a>.\n<\/p>\n<p><br \/>\n<input class=\"wpcf7-form-control wpcf7-submit has-spinner boton-enviar-form\" type=\"submit\" value=\"Enviar\" \/>\n<\/p>\n<p class=\"legal-formulario\" style=\"font-size: 10px;line-height:1.3em;color:#b5b5b5;width:300px;\"><br \/>\nLa informaci\u00f3 que envieu a trav\u00e9s d'aquest formulari \u00e9s de car\u00e0cter personal i, per tant, necessitem recordar-vos els drets que teniu en mat\u00e8ria de protecci\u00f3 de dades. T'informem que les teves dades seran tractades per Nordiik com a responsable d'aquesta web. Et demanem el teu nom, correu i tel\u00e8fon en aquest formulari per poder respondre la teva consulta; mitjan\u00e7ant l'enviament d'aquesta informaci\u00f3 NO t'estar\u00e0s subscrivint a cap llista de correu ni rebr\u00e0s not\u00edcies comercials de forma peri\u00f2dica. En marcar la casella de verificaci\u00f3 que figura m\u00e9s amunt est\u00e0s donant el teu consentiment perqu\u00e8 les teves dades siguin tractades d'acord amb la finalitat d'aquest formulari que figura a la nostra pol\u00edtica de privadesa.<a style=\"color:#bdbcbc;\" href=\"#\"> Clic aqu\u00ed per llegir-la.<\/a> Les dades que envi\u00efs estaran segures i seran emmagatzemades a les nostres oficines de Nordiik, que compleix amb els m\u00e0xims nivells de seguretat. Podr\u00e0s exercitar els teus drets d'acc\u00e9s, rectificaci\u00f3, limitaci\u00f3 i suprimir les teves dades enviant un correu electr\u00f2nic a<a style=\"color:#bdbcbc;\" href=\"mailto:hello@nordiik.com\"> hello@nordiik.com<\/a>.\n<\/p><p style=\"display: none !important;\" class=\"akismet-fields-container\" data-prefix=\"_wpcf7_ak_\"><label>&#916;<textarea name=\"_wpcf7_ak_hp_textarea\" cols=\"45\" rows=\"8\" maxlength=\"100\"><\/textarea><\/label><input type=\"hidden\" id=\"ak_js_1\" name=\"_wpcf7_ak_js\" value=\"202\"\/><script>document.getElementById( \"ak_js_1\" ).setAttribute( \"value\", ( new Date() ).getTime() );<\/script><\/p><div class=\"wpcf7-response-output\" aria-hidden=\"true\"><\/div>\n<\/form>\n<\/div>\n[\/vc_column_text][\/vc_column][\/vc_row]<\/p>\n","protected":false},"excerpt":{"rendered":"<p>[vc_row full_width=\u00bbstretch_row_content_no_spaces\u00bb equal_height=\u00bbyes\u00bb css=\u00bb.vc_custom_1664273131962{background-image: url(https:\/\/nordiik.com\/wp-content\/uploads\/2022\/09\/malham-cove-gd9ce53585_1920.jpg?id=3006) !important;background-position: center !important;background-repeat: no-repeat !important;background-size: cover !important;}\u00bb][vc_column el_class=\u00bbfondo-degradado-azul\u00bb][vc_row_inner][vc_column_inner width=\u00bb1\/2&#8243;][vc_custom_heading text=\u00bbServeis de GB Biocidal Products Regulation<span class=\"excerpt-hellip\"> [\u2026]<\/span><\/p>\n","protected":false},"author":1,"featured_media":0,"parent":135,"menu_order":0,"comment_status":"closed","ping_status":"closed","template":"","meta":{"footnotes":""},"class_list":["post-2759","page","type-page","status-publish","hentry"],"yoast_head":"<!-- This site is optimized with the Yoast SEO plugin v26.2 - https:\/\/yoast.com\/wordpress\/plugins\/seo\/ -->\n<title>Regulaci\u00f3 de productes biocides GB | Consultoria qu\u00edmica | Nordiik<\/title>\n<meta name=\"description\" content=\"Contacta amb nosaltres si necessites que t&#039;ajudem a legalitzar els teus productes biocides a Gran Bretanya d&#039;acord amb GB BPR.\" \/>\n<meta name=\"robots\" content=\"index, follow, max-snippet:-1, max-image-preview:large, max-video-preview:-1\" \/>\n<link rel=\"canonical\" href=\"https:\/\/nordiik.com\/ca\/serveis-de-consultoria-quimica\/regulacio-de-productes-biocides-gb\/\" \/>\n<meta property=\"og:locale\" content=\"es_ES\" \/>\n<meta property=\"og:type\" content=\"article\" \/>\n<meta property=\"og:title\" content=\"Regulaci\u00f3 de productes biocides GB | Consultoria qu\u00edmica | Nordiik\" \/>\n<meta property=\"og:description\" content=\"Contacta amb nosaltres si necessites que t&#039;ajudem a legalitzar els teus productes biocides a Gran Bretanya d&#039;acord amb GB BPR.\" \/>\n<meta property=\"og:url\" content=\"https:\/\/nordiik.com\/ca\/serveis-de-consultoria-quimica\/regulacio-de-productes-biocides-gb\/\" \/>\n<meta property=\"og:site_name\" content=\"Nordiik\" \/>\n<meta property=\"article:modified_time\" content=\"2022-09-27T11:26:31+00:00\" \/>\n<meta name=\"twitter:card\" content=\"summary_large_image\" \/>\n<meta name=\"twitter:label1\" content=\"Tiempo de lectura\" \/>\n\t<meta name=\"twitter:data1\" content=\"6 minutos\" \/>\n<script type=\"application\/ld+json\" class=\"yoast-schema-graph\">{\"@context\":\"https:\/\/schema.org\",\"@graph\":[{\"@type\":\"WebPage\",\"@id\":\"https:\/\/nordiik.com\/ca\/serveis-de-consultoria-quimica\/regulacio-de-productes-biocides-gb\/\",\"url\":\"https:\/\/nordiik.com\/ca\/serveis-de-consultoria-quimica\/regulacio-de-productes-biocides-gb\/\",\"name\":\"Regulaci\u00f3 de productes biocides GB | Consultoria qu\u00edmica | Nordiik\",\"isPartOf\":{\"@id\":\"https:\/\/nordiik.com\/ca\/#website\"},\"datePublished\":\"2022-09-27T11:25:28+00:00\",\"dateModified\":\"2022-09-27T11:26:31+00:00\",\"description\":\"Contacta amb nosaltres si necessites que t'ajudem a legalitzar els teus productes biocides a Gran Bretanya d'acord amb GB BPR.\",\"breadcrumb\":{\"@id\":\"https:\/\/nordiik.com\/ca\/serveis-de-consultoria-quimica\/regulacio-de-productes-biocides-gb\/#breadcrumb\"},\"inLanguage\":\"es\",\"potentialAction\":[{\"@type\":\"ReadAction\",\"target\":[\"https:\/\/nordiik.com\/ca\/serveis-de-consultoria-quimica\/regulacio-de-productes-biocides-gb\/\"]}]},{\"@type\":\"BreadcrumbList\",\"@id\":\"https:\/\/nordiik.com\/ca\/serveis-de-consultoria-quimica\/regulacio-de-productes-biocides-gb\/#breadcrumb\",\"itemListElement\":[{\"@type\":\"ListItem\",\"position\":1,\"name\":\"Portada\",\"item\":\"https:\/\/nordiik.com\/ca\/\"},{\"@type\":\"ListItem\",\"position\":2,\"name\":\"Serveis de consultoria qu\u00edmica\",\"item\":\"https:\/\/nordiik.com\/ca\/serveis-de-consultoria-quimica\/\"},{\"@type\":\"ListItem\",\"position\":3,\"name\":\"Serveis de GB Biocidal Products Regulation (BPR a Gran Bretanya)\"}]},{\"@type\":\"WebSite\",\"@id\":\"https:\/\/nordiik.com\/ca\/#website\",\"url\":\"https:\/\/nordiik.com\/ca\/\",\"name\":\"Nordiik\",\"description\":\"Regulatory &amp; Compliance Services\",\"publisher\":{\"@id\":\"https:\/\/nordiik.com\/ca\/#organization\"},\"potentialAction\":[{\"@type\":\"SearchAction\",\"target\":{\"@type\":\"EntryPoint\",\"urlTemplate\":\"https:\/\/nordiik.com\/ca\/?s={search_term_string}\"},\"query-input\":{\"@type\":\"PropertyValueSpecification\",\"valueRequired\":true,\"valueName\":\"search_term_string\"}}],\"inLanguage\":\"es\"},{\"@type\":\"Organization\",\"@id\":\"https:\/\/nordiik.com\/ca\/#organization\",\"name\":\"Nordiik. Consultor\u00eda Qu\u00edmica.\",\"url\":\"https:\/\/nordiik.com\/ca\/\",\"logo\":{\"@type\":\"ImageObject\",\"inLanguage\":\"es\",\"@id\":\"https:\/\/nordiik.com\/ca\/#\/schema\/logo\/image\/\",\"url\":\"https:\/\/nordiik.com\/ca\/wp-content\/uploads\/2020\/02\/nordiik-logo-header.png\",\"contentUrl\":\"https:\/\/nordiik.com\/ca\/wp-content\/uploads\/2020\/02\/nordiik-logo-header.png\",\"width\":150,\"height\":60,\"caption\":\"Nordiik. Consultor\u00eda Qu\u00edmica.\"},\"image\":{\"@id\":\"https:\/\/nordiik.com\/ca\/#\/schema\/logo\/image\/\"}}]}<\/script>\n<!-- \/ Yoast SEO plugin. -->","yoast_head_json":{"title":"Regulaci\u00f3 de productes biocides GB | Consultoria qu\u00edmica | Nordiik","description":"Contacta amb nosaltres si necessites que t'ajudem a legalitzar els teus productes biocides a Gran Bretanya d'acord amb GB BPR.","robots":{"index":"index","follow":"follow","max-snippet":"max-snippet:-1","max-image-preview":"max-image-preview:large","max-video-preview":"max-video-preview:-1"},"canonical":"https:\/\/nordiik.com\/ca\/serveis-de-consultoria-quimica\/regulacio-de-productes-biocides-gb\/","og_locale":"es_ES","og_type":"article","og_title":"Regulaci\u00f3 de productes biocides GB | Consultoria qu\u00edmica | Nordiik","og_description":"Contacta amb nosaltres si necessites que t'ajudem a legalitzar els teus productes biocides a Gran Bretanya d'acord amb GB BPR.","og_url":"https:\/\/nordiik.com\/ca\/serveis-de-consultoria-quimica\/regulacio-de-productes-biocides-gb\/","og_site_name":"Nordiik","article_modified_time":"2022-09-27T11:26:31+00:00","twitter_card":"summary_large_image","twitter_misc":{"Tiempo de lectura":"6 minutos"},"schema":{"@context":"https:\/\/schema.org","@graph":[{"@type":"WebPage","@id":"https:\/\/nordiik.com\/ca\/serveis-de-consultoria-quimica\/regulacio-de-productes-biocides-gb\/","url":"https:\/\/nordiik.com\/ca\/serveis-de-consultoria-quimica\/regulacio-de-productes-biocides-gb\/","name":"Regulaci\u00f3 de productes biocides GB | Consultoria qu\u00edmica | Nordiik","isPartOf":{"@id":"https:\/\/nordiik.com\/ca\/#website"},"datePublished":"2022-09-27T11:25:28+00:00","dateModified":"2022-09-27T11:26:31+00:00","description":"Contacta amb nosaltres si necessites que t'ajudem a legalitzar els teus productes biocides a Gran Bretanya d'acord amb GB BPR.","breadcrumb":{"@id":"https:\/\/nordiik.com\/ca\/serveis-de-consultoria-quimica\/regulacio-de-productes-biocides-gb\/#breadcrumb"},"inLanguage":"es","potentialAction":[{"@type":"ReadAction","target":["https:\/\/nordiik.com\/ca\/serveis-de-consultoria-quimica\/regulacio-de-productes-biocides-gb\/"]}]},{"@type":"BreadcrumbList","@id":"https:\/\/nordiik.com\/ca\/serveis-de-consultoria-quimica\/regulacio-de-productes-biocides-gb\/#breadcrumb","itemListElement":[{"@type":"ListItem","position":1,"name":"Portada","item":"https:\/\/nordiik.com\/ca\/"},{"@type":"ListItem","position":2,"name":"Serveis de consultoria qu\u00edmica","item":"https:\/\/nordiik.com\/ca\/serveis-de-consultoria-quimica\/"},{"@type":"ListItem","position":3,"name":"Serveis de GB Biocidal Products Regulation (BPR a Gran Bretanya)"}]},{"@type":"WebSite","@id":"https:\/\/nordiik.com\/ca\/#website","url":"https:\/\/nordiik.com\/ca\/","name":"Nordiik","description":"Regulatory &amp; Compliance Services","publisher":{"@id":"https:\/\/nordiik.com\/ca\/#organization"},"potentialAction":[{"@type":"SearchAction","target":{"@type":"EntryPoint","urlTemplate":"https:\/\/nordiik.com\/ca\/?s={search_term_string}"},"query-input":{"@type":"PropertyValueSpecification","valueRequired":true,"valueName":"search_term_string"}}],"inLanguage":"es"},{"@type":"Organization","@id":"https:\/\/nordiik.com\/ca\/#organization","name":"Nordiik. Consultor\u00eda Qu\u00edmica.","url":"https:\/\/nordiik.com\/ca\/","logo":{"@type":"ImageObject","inLanguage":"es","@id":"https:\/\/nordiik.com\/ca\/#\/schema\/logo\/image\/","url":"https:\/\/nordiik.com\/ca\/wp-content\/uploads\/2020\/02\/nordiik-logo-header.png","contentUrl":"https:\/\/nordiik.com\/ca\/wp-content\/uploads\/2020\/02\/nordiik-logo-header.png","width":150,"height":60,"caption":"Nordiik. Consultor\u00eda Qu\u00edmica."},"image":{"@id":"https:\/\/nordiik.com\/ca\/#\/schema\/logo\/image\/"}}]}},"_links":{"self":[{"href":"https:\/\/nordiik.com\/ca\/wp-json\/wp\/v2\/pages\/2759","targetHints":{"allow":["GET"]}}],"collection":[{"href":"https:\/\/nordiik.com\/ca\/wp-json\/wp\/v2\/pages"}],"about":[{"href":"https:\/\/nordiik.com\/ca\/wp-json\/wp\/v2\/types\/page"}],"author":[{"embeddable":true,"href":"https:\/\/nordiik.com\/ca\/wp-json\/wp\/v2\/users\/1"}],"replies":[{"embeddable":true,"href":"https:\/\/nordiik.com\/ca\/wp-json\/wp\/v2\/comments?post=2759"}],"version-history":[{"count":6,"href":"https:\/\/nordiik.com\/ca\/wp-json\/wp\/v2\/pages\/2759\/revisions"}],"predecessor-version":[{"id":2767,"href":"https:\/\/nordiik.com\/ca\/wp-json\/wp\/v2\/pages\/2759\/revisions\/2767"}],"up":[{"embeddable":true,"href":"https:\/\/nordiik.com\/ca\/wp-json\/wp\/v2\/pages\/135"}],"wp:attachment":[{"href":"https:\/\/nordiik.com\/ca\/wp-json\/wp\/v2\/media?parent=2759"}],"curies":[{"name":"wp","href":"https:\/\/api.w.org\/{rel}","templated":true}]}}